{"id":681,"date":"2020-12-09T09:03:11","date_gmt":"2020-12-09T08:03:11","guid":{"rendered":"https:\/\/normandie.hotel-webdesign.fr\/?page_id=681"},"modified":"2024-03-15T14:14:33","modified_gmt":"2024-03-15T13:14:33","slug":"reservation-gite-normand","status":"publish","type":"page","link":"https:\/\/www.location-normandie.net\/it\/prenotazione-gite-normand\/","title":{"rendered":"Prenotazione G\u00eete Normand"},"content":{"rendered":"<p>[et_pb_section fb_built=\"1\u2033 admin_label=\"Header \" _builder_version=\"4.16\u2033 use_background_color_gradient=\"on \" background_color_gradient_stops=\"rgba(31,31,38,0.88) 0%|rgba(31,31,38,0.24) 100% \" background_color_gradient_overlays_image=\"on \" background_color_gradient_start=\"rgba(31,31,38,0.88) \" background_color_gradient_end=\"rgba(31,31,38,0.24) \" background_image=\"https:\/\/www.location-normandie.net\/wp-content\/uploads\/2020\/10\/vm6cjqo2vou-scaled.jpg \" custom_padding=\"0vw||0px||false|false \" global_colors_info=\"{} \"][et_pb_row custom_padding_last_edited=\"on|desktop \" _builder_version=\"4.16\u2033 use_background_color_gradient=\"on \" background_color_gradient_stops=\"rgba(67,78,92,0.32) 0%|rgba(31,31,38,0.71) 100% \" background_color_gradient_overlays_image=\"on \" background_color_gradient_start=\"rgba(67,78,92,0.32) \" background_color_gradient_end=\"rgba(31,31,38,0.71) \" background_image=\"https:\/\/www.location-normandie.net\/wp-content\/uploads\/2020\/10\/57fb1e1f-4436-40e9-9114-d28d304b347e.c10.jpg \" width=\"100%\" max_width=\"none \" module_alignment=\"left \" custom_margin=\"|71px|auto|| \" custom_margin_tablet=\"|auto||0px|false|false \" custom_margin_last_edited=\"off|desktop \" custom_padding=\"10vw|20px|7vw|20px|false|true \" custom_padding_tablet=\"16vw||16vw||true|false \" custom_padding_phone=\"21vw|20px|16vw|20px|false|false \" border_color_all=\"#1f1f26\u2033 border_width_right=\"8vw \" locked=\"off \" global_colors_info=\"{} \"][et_pb_column type=\"4_4\u2033 _builder_version=\"4.16\u2033 global_colors_info=\"{} \"][et_pb_text _builder_version=\"4.16\u2033 header_font=\"Prata|||||||| \" header_text_align=\"center \" header_font_size=\"5vw \" header_line_height=\"1.2em \" background_layout=\"dark \" custom_margin=\"|||5vw|false|false \" header_font_size_tablet=\"60px \" header_font_size_phone=\"35px \" header_font_size_last_edited=\"on|phone \" global_colors_info=\"{}\"]<\/p>\n<h1 style=\"text-align: left;\">Prenotazione<\/h1>\n<p>[\/et_pb_text][\/et_pb_column][\/et_pb_row][\/et_pb_section][et_pb_section fb_built=\"1\u2033 _builder_version=\"4.16\u2033 _module_preset=\"default \" custom_padding=\"9px||9px||true| \" global_colors_info=\"{} \"][et_pb_row _builder_version=\"4.16\u2033 _module_preset=\"default\" custom_padding=\"9px||||| \" global_colors_info=\"{} \"][et_pb_column type=\"4_4\u2033 _builder_version=\"4.16\u2033 _module_preset=\"default \" global_colors_info=\"{} \"][et_pb_code _builder_version=\"4.24.0\u2033 _module_preset=\"default \" hover_enabled=\"0\u2033 global_colors_info=\"{} \" sticky_enabled=\"0\u2033][\/et_pb_code][\/et_pb_column][\/et_pb_row][\/et_pb_section][et_pb_section fb_built=\"1\u2033 admin_label=\"Pi\u00e8 di pagina\" _builder_version=\"4.16\u2033 background_color=\"rgba(0,0,0,0) \" use_background_color_gradient=\"on \" background_color_gradient_stops=\"#1f1f26 0%|rgba(31,31,38,0.71) 100% \" background_color_gradient_overlays_image=\"on \" background_color_gradient_start=\"#1f1f26\u2033 background_color_gradient_end=\"rgba(31,31,38,0.71) \" background_image=\"https:\/\/www.location-normandie.net\/wp-content\/uploads\/2020\/10\/vm6cjqo2vou-scaled.jpg \" background_repeat=\"repeat \" z_index=\"0\u2033 module_alignment=\"center \" custom_margin=\"||||false|false \" custom_padding=\"0vw|0px||false|false \" background_color_gradient_stops_tablet=\"#1f1f26 0%|rgba(31,31,38,0.71) 100% \" background_color_gradient_stops_phone= \"#1f1f26 0%|rgba(31,31,38,0.71) 100% \" border_color_all=\"#ffffff \" global_module=\"1588\u2033 saved_tabs=\"all \" locked=\"off \" global_colors_info=\"{} \"][et_pb_row column_structure=\"1_2,1_2\u2033 use_custom_gutter=\"on \" gutter_width=\"2\u2033 admin_label=\"Pi\u00e8 di pagina \" _builder_version=\"4.16\u2033 width=\"85% \" max_width=\"1791px \" module_alignment=\"center \" custom_padding=\"0px||0px||| \" box_shadow_style=\"preset4\u2033 box_shadow_horizontal=\"30vw\" box_shadow_horizontal=\"30vw\". \"30vw\" box_shadow_vertical=\"0px\" box_shadow_color=\"#ffff\" global_colors_info=\"{}\"][et_pb_column type=\"1_2\u2033 _builder_version=\"4.16\u2033 custom_padding=\"42px||||false|false \" custom_padding_tablet=\"|20px|false|false \" custom_padding_phone= \" \" custom_padding_last_edited=\"on|phone \" global_colors_info=\"{} \"][et_pb_text _builder_version=\"4.16\u2033 text_font=\"Raleway|||||||| \" text_font_size=\"17px \" link_text_color=\"#bea88f \" header_text_color=\"#ffffff \" header_2_font=\"Prata|||||||| \" header_2_text_color=\"#0000\u2033 header_2_line_height=\"1.8em \" header_3_text_color=\"#ffffff \" header_3_font_size=\"26px \" header_3_line_height=\"1.8em \" header_4_font=\"|700||on||||| \" header_4_text_color=\"#bea88f \" header_4_font_size=\"12px \" header_4_letter_spacing=\"2.6px \" header_4_line_height=\"1. 6em \" background_layout=\"1.6em\".6em \" background_layout=\"dark \" custom_margin=\"2px||38px|||| \" text_font_size_tablet=\"18px \" text_font_size_phone=\"16px \" text_font_size_last_edited=\"on|phone \" header_2_font_size_tablet=\"22px \" header_2_font_size_phone=\"20px \" header_2_font_size_last_edited=\"on|phone \" header_4_font_size_tablet= \" \" header_4_font_size_phone= \" \" header_4_font_size_last_edited=\"on|phone \" locked=\"off \" global_colors_info=\"{}\"]<\/p>\n<h3>Contattateci<\/h3>\n<p>Utilizzare il <a href=\"https:\/\/www.location-normandie.net\/it\/contatto\/\">modulo di contatto<\/a><br \/><a href=\"https:\/\/www.location-normandie.net\/it\/termini-e-condizioni-generali\/\">informazioni legali, termini e condizioni e download<\/a><\/p>\n<p>[et_pb_text][et_pb_text _builder_version=\"4.16\u2033 text_font=\"Raleway|||||||| \" text_font_size=\"17px \" link_text_color=\"#bea88f \" header_text_color=\"#ffff \" header_2_font=\"Prata|||||||| \" header_2_text_color=\"#0000\u2033 header_2_line_height=\"1. 8em \" header_3_font_size=\"26px \" header_3_line_height=\"1.8em\".8em \" header_3_text_color=\"#ffffff \" header_3_font_size=\"26px \" header_3_line_height=\"1.8em \" header_4_font=\"|700||on||||| \" header_4_text_color=\"#bea88f \" header_4_font_size=\"12px \" header_4_letter_spacing=\"2.6px \" header_4_line_height=\"1.6em \" background_layout=\"dark \" custom_margin=\"||41px||false|false \" text_font_size_tablet=\"18px \" text_font_size_phone=\"16px \" text_font_size_last_edited=\"on|phone \" header_2_font_size_tablet=\"22px \" header_2_font_size_phone=\"20px \" header_2_font_size_last_edited=\"on|phone \" header_4_font_size_tablet= \" \" header_4_font_size_phone= \" \" header_4_font_size_last_edited=\"on|phone \" locked=\"off \" global_colors_info=\"{}\"]<\/p>\n<h3>Alloggio \"Les Colombines<\/h3>\n<p>671, All\u00e9e Albert Roussel<br \/><span style=\"font-size: 17px;\">76119 Sainte-Marguerite-sur-Mer<\/span><\/p>\n<p><a href=\"https:\/\/www.google.fr\/maps\/place\/49%C2%B054'55.7%22N+0%C2%B058'06.0%22E\/@49.915468,0.9661333,17z\/data=!3m1!4b1!4m5!3m4!1s0x0:0x0!8m2!3d49.915468!4d0.968322\"><span>49.915468, 0.968322<\/span><\/a><\/p>\n<p>[et_pb_text][et_pb_text _builder_version=\"4.16\u2033 text_font=\"Raleway|||||||| \" text_font_size=\"17px \" link_text_color=\"#bea88f \" header_text_color=\"#ffff \" header_2_font=\"Prata|||||||| \" header_2_text_color=\"#0000\u2033 header_2_line_height=\"1. 8em \" header_3_font_size=\"26px \" header_3_line_height=\"1.8em\".8em \" header_3_text_color=\"#ffffff \" header_3_font_size=\"26px \" header_3_line_height=\"1.8em \" header_4_font=\"|700||on||||| \" header_4_text_color=\"#bea88f \" header_4_font_size=\"12px \" header_4_letter_spacing=\"2.6px \" header_4_line_height=\"1.6em \" background_layout=\"dark \" custom_margin=\"||||false|false \" text_font_size_tablet=\"18px \" text_font_size_phone=\"16px \" text_font_size_last_edited=\"on|phone \" header_2_font_size_tablet=\"22px \" header_2_font_size_phone=\"20px \" header_2_font_size_last_edited=\"on|phone \" header_4_font_size_tablet= \" \" header_4_font_size_phone= \" \" header_4_font_size_last_edited=\"on|phone \" locked=\"off \" global_colors_info=\"{}\"]<\/p>\n<h3>Alloggio \"Belle Rive<\/h3>\n<p>3, chemin Henri Maret<br \/>76980 Veules-Les-Roses<\/p>\n<p><a href=\"https:\/\/www.google.com\/maps\/search\/49.87527,+0.79800?sa=X&amp;ved=2ahUKEwj29ZTclq_sAhUpNOwKHYImB7gQ8gEwAHoECAEQAQ\">49.87527, 0.79800<\/a><\/p>\n<p>&nbsp;<\/p>\n<p>[\/et_pb_text][\/et_pb_column][et_pb_column type=\"1_2\u2033 _builder_version=\"4.16\u2033 background_color=\"#ffffff \" transform_translate=\"1px|0px \" transform_translate_linked=\"off \" custom_padding=\"|60px|60px|60px|false|true \" custom_padding_tablet=\"|0px|30px\". \"|0px||30px|false|false \" custom_padding_phone= \"|0px||20px|false|false \" custom_padding_last_edited= \"on|tablet \" global_colors_info=\"{} \"][et_pb_gallery gallery_ids=\"223,233,238,237,246,243,250\u2033 fullwidth=\"on \" _builder_version=\"4.16\u2033 _module_preset=\"default \" width=\"100% \" auto=\"on\" auto_speed=\"3000\u2033 global_colors_info=\"{}\"][\/et_pb_gallery][et_pb_text _builder_version=\"4.16\u2033 text_font=\"Raleway|||||||| \" text_font_size=\"17px \" link_text_color=\"#bea88f \" header_text_color=\"#ffffff \" header_2_font=\"Prata|||||||| \" header_2_text_color=\"#000000\u2033 header_2_line_height=\"1.8em \" header_3_text_color=\"#ffffff \" header_3_font_size=\"26px \" header_3_line_height=\"1.8em \" header_4_font=\"|700||on||||| \" header_4_text_color=\"#bea88f \" header_4_font_size=\"12px \" header_4_letter_spacing=\"2.6px \" header_4_line_height=\"1. 6em \" background_layout=\"1.6em\".6em \" background_layout=\"dark \" custom_margin=\"||0px||false|false \" custom_padding_phone=\"50px|50px|0px|50px|false|true \" custom_padding_last_edited=\"off|desktop \" text_font_size_tablet=\"18px \" text_font_size_phone=\"16px \" text_font_size_last_edited=\"on|phone \" header_2_font_size_tablet= \"22px \" header_2_font_size_phone= \"20px \" header_2_font_size_last_edited= \"on|phone \" header_4_font_size_tablet= \" \" header_4_font_size_phone= \" \" header_4_font_size_last_edited= \"on|phone \" locked=\"off \" global_colors_info=\"{}\"]<\/p>\n<h2>Appartamenti e case vacanze di lusso in Normandia<\/h2>\n<p>[\/et_pb_text][et_pb_button button_url=\"\/conditions-generales\/ \" button_text=\"Informazioni legali\" _builder_version=\"4.16\u2033 custom_button=\"on \" button_text_size=\"12px \" button_text_color=\"#bea88f \" button_bg_color=\"rgba(0,0,0,0) \" button_border_width=\"0px \" button_border_radius=\"0px \" button_letter_spacing=\"2.\".6px \" button_font=\"|700||on||||| \" background_layout=\"dark \" custom_margin=\"||-18px|||| \" custom_margin_phone=\"|50px|50px|50px|false|true \" custom_margin_last_edited=\"off|desktop \" custom_padding=\"||0px|false|false \" locked=\"off \" global_colors_info=\"{} \" button_bg_color__hover_enabled=\"off|desktop \"][\/et_pb_button][\/et_pb_column][\/et_pb_row][\/et_pb_section]<\/p>","protected":false},"excerpt":{"rendered":"<p>PrenotazioneContattaci Utilizza il modulo di contattoInformazioni legali, termini e condizioni e downloadG\u00eete \" Les Colombines \" 671, All\u00e9e Albert Roussel76119 Sainte-Marguerite-sur-Mer 49.915468, 0.968322G\u00eete \" Belle Rive \" 3, chemin Henri Maret76980 Veules-Les-Roses 49.87527, 0.79800 G\u00eetes &amp; Maisons de vacances haut de gamme en Normandie<\/p>","protected":false},"author":1,"featured_media":0,"parent":0,"menu_order":0,"comment_status":"closed","ping_status":"closed","template":"","meta":{"_et_pb_use_builder":"on","_et_pb_old_content":"","_et_gb_content_width":"","footnotes":""},"class_list":["post-681","page","type-page","status-publish","hentry"],"yoast_head":"<!-- This site is optimized with the Yoast SEO plugin v27.4 - https:\/\/yoast.com\/product\/yoast-seo-wordpress\/ -->\n<title>Reservation G\u00eete Normand - Location de g\u00eete en Normandie<\/title>\n<meta name=\"description\" content=\"Reservation gite normandie, r\u00e9server une maison de vacance en normandie sur location-normandie.com. Paiements s\u00e9curis\u00e9s\" \/>\n<meta name=\"robots\" content=\"index, follow, max-snippet:-1, max-image-preview:large, max-video-preview:-1\" \/>\n<link rel=\"canonical\" href=\"https:\/\/www.location-normandie.net\/it\/prenotazione-gite-normand\/\" \/>\n<meta property=\"og:locale\" content=\"it_IT\" \/>\n<meta property=\"og:type\" content=\"article\" \/>\n<meta property=\"og:title\" content=\"Reservation G\u00eete Normand - Location de g\u00eete en Normandie\" \/>\n<meta property=\"og:description\" content=\"Reservation gite normandie, r\u00e9server une maison de vacance en normandie sur location-normandie.com. Paiements s\u00e9curis\u00e9s\" \/>\n<meta property=\"og:url\" content=\"https:\/\/www.location-normandie.net\/it\/prenotazione-gite-normand\/\" \/>\n<meta property=\"og:site_name\" content=\"Location de g\u00eete en Normandie\" \/>\n<meta property=\"article:modified_time\" content=\"2024-03-15T13:14:33+00:00\" \/>\n<meta name=\"twitter:card\" content=\"summary_large_image\" \/>\n<meta name=\"twitter:label1\" content=\"Tempo di lettura stimato\" \/>\n\t<meta name=\"twitter:data1\" content=\"1 minuto\" \/>\n<script type=\"application\/ld+json\" class=\"yoast-schema-graph\">{\"@context\":\"https:\\\/\\\/schema.org\",\"@graph\":[{\"@type\":\"WebPage\",\"@id\":\"https:\\\/\\\/www.location-normandie.net\\\/reservation-gite-normand\\\/\",\"url\":\"https:\\\/\\\/www.location-normandie.net\\\/reservation-gite-normand\\\/\",\"name\":\"Reservation G\u00eete Normand - Location de g\u00eete en Normandie\",\"isPartOf\":{\"@id\":\"https:\\\/\\\/www.location-normandie.net\\\/#website\"},\"datePublished\":\"2020-12-09T08:03:11+00:00\",\"dateModified\":\"2024-03-15T13:14:33+00:00\",\"description\":\"Reservation gite normandie, r\u00e9server une maison de vacance en normandie sur location-normandie.com. Paiements s\u00e9curis\u00e9s\",\"breadcrumb\":{\"@id\":\"https:\\\/\\\/www.location-normandie.net\\\/reservation-gite-normand\\\/#breadcrumb\"},\"inLanguage\":\"it-IT\",\"potentialAction\":[{\"@type\":\"ReadAction\",\"target\":[\"https:\\\/\\\/www.location-normandie.net\\\/reservation-gite-normand\\\/\"]}]},{\"@type\":\"BreadcrumbList\",\"@id\":\"https:\\\/\\\/www.location-normandie.net\\\/reservation-gite-normand\\\/#breadcrumb\",\"itemListElement\":[{\"@type\":\"ListItem\",\"position\":1,\"name\":\"Home\",\"item\":\"https:\\\/\\\/www.location-normandie.net\\\/\"},{\"@type\":\"ListItem\",\"position\":2,\"name\":\"Reservation G\u00eete Normand\"}]},{\"@type\":\"WebSite\",\"@id\":\"https:\\\/\\\/www.location-normandie.net\\\/#website\",\"url\":\"https:\\\/\\\/www.location-normandie.net\\\/\",\"name\":\"Location de g\u00eete en Normandie\",\"description\":\"Reserver un g\u00eete en normandie\",\"publisher\":{\"@id\":\"https:\\\/\\\/www.location-normandie.net\\\/#organization\"},\"potentialAction\":[{\"@type\":\"SearchAction\",\"target\":{\"@type\":\"EntryPoint\",\"urlTemplate\":\"https:\\\/\\\/www.location-normandie.net\\\/?s={search_term_string}\"},\"query-input\":{\"@type\":\"PropertyValueSpecification\",\"valueRequired\":true,\"valueName\":\"search_term_string\"}}],\"inLanguage\":\"it-IT\"},{\"@type\":\"Organization\",\"@id\":\"https:\\\/\\\/www.location-normandie.net\\\/#organization\",\"name\":\"Location de g\u00eete en Normandie\",\"url\":\"https:\\\/\\\/www.location-normandie.net\\\/\",\"logo\":{\"@type\":\"ImageObject\",\"inLanguage\":\"it-IT\",\"@id\":\"https:\\\/\\\/www.location-normandie.net\\\/#\\\/schema\\\/logo\\\/image\\\/\",\"url\":\"https:\\\/\\\/www.location-normandie.net\\\/wp-content\\\/uploads\\\/2025\\\/07\\\/final-sans-bg.png\",\"contentUrl\":\"https:\\\/\\\/www.location-normandie.net\\\/wp-content\\\/uploads\\\/2025\\\/07\\\/final-sans-bg.png\",\"width\":1376,\"height\":455,\"caption\":\"Location de g\u00eete en Normandie\"},\"image\":{\"@id\":\"https:\\\/\\\/www.location-normandie.net\\\/#\\\/schema\\\/logo\\\/image\\\/\"}}]}<\/script>\n<!-- \/ Yoast SEO plugin. -->","yoast_head_json":{"title":"Reservation G\u00eete Normand - Location de g\u00eete en Normandie","description":"Reservation gite normandie, r\u00e9server une maison de vacance en normandie sur location-normandie.com. Paiements s\u00e9curis\u00e9s","robots":{"index":"index","follow":"follow","max-snippet":"max-snippet:-1","max-image-preview":"max-image-preview:large","max-video-preview":"max-video-preview:-1"},"canonical":"https:\/\/www.location-normandie.net\/it\/prenotazione-gite-normand\/","og_locale":"it_IT","og_type":"article","og_title":"Reservation G\u00eete Normand - Location de g\u00eete en Normandie","og_description":"Reservation gite normandie, r\u00e9server une maison de vacance en normandie sur location-normandie.com. Paiements s\u00e9curis\u00e9s","og_url":"https:\/\/www.location-normandie.net\/it\/prenotazione-gite-normand\/","og_site_name":"Location de g\u00eete en Normandie","article_modified_time":"2024-03-15T13:14:33+00:00","twitter_card":"summary_large_image","twitter_misc":{"Tempo di lettura stimato":"1 minuto"},"schema":{"@context":"https:\/\/schema.org","@graph":[{"@type":"WebPage","@id":"https:\/\/www.location-normandie.net\/reservation-gite-normand\/","url":"https:\/\/www.location-normandie.net\/reservation-gite-normand\/","name":"Reservation G\u00eete Normand - Location de g\u00eete en Normandie","isPartOf":{"@id":"https:\/\/www.location-normandie.net\/#website"},"datePublished":"2020-12-09T08:03:11+00:00","dateModified":"2024-03-15T13:14:33+00:00","description":"Reservation gite normandie, r\u00e9server une maison de vacance en normandie sur location-normandie.com. Paiements s\u00e9curis\u00e9s","breadcrumb":{"@id":"https:\/\/www.location-normandie.net\/reservation-gite-normand\/#breadcrumb"},"inLanguage":"it-IT","potentialAction":[{"@type":"ReadAction","target":["https:\/\/www.location-normandie.net\/reservation-gite-normand\/"]}]},{"@type":"BreadcrumbList","@id":"https:\/\/www.location-normandie.net\/reservation-gite-normand\/#breadcrumb","itemListElement":[{"@type":"ListItem","position":1,"name":"Home","item":"https:\/\/www.location-normandie.net\/"},{"@type":"ListItem","position":2,"name":"Reservation G\u00eete Normand"}]},{"@type":"WebSite","@id":"https:\/\/www.location-normandie.net\/#website","url":"https:\/\/www.location-normandie.net\/","name":"Location de g\u00eete en Normandie","description":"Reserver un g\u00eete en normandie","publisher":{"@id":"https:\/\/www.location-normandie.net\/#organization"},"potentialAction":[{"@type":"SearchAction","target":{"@type":"EntryPoint","urlTemplate":"https:\/\/www.location-normandie.net\/?s={search_term_string}"},"query-input":{"@type":"PropertyValueSpecification","valueRequired":true,"valueName":"search_term_string"}}],"inLanguage":"it-IT"},{"@type":"Organization","@id":"https:\/\/www.location-normandie.net\/#organization","name":"Location de g\u00eete en Normandie","url":"https:\/\/www.location-normandie.net\/","logo":{"@type":"ImageObject","inLanguage":"it-IT","@id":"https:\/\/www.location-normandie.net\/#\/schema\/logo\/image\/","url":"https:\/\/www.location-normandie.net\/wp-content\/uploads\/2025\/07\/final-sans-bg.png","contentUrl":"https:\/\/www.location-normandie.net\/wp-content\/uploads\/2025\/07\/final-sans-bg.png","width":1376,"height":455,"caption":"Location de g\u00eete en Normandie"},"image":{"@id":"https:\/\/www.location-normandie.net\/#\/schema\/logo\/image\/"}}]}},"_links":{"self":[{"href":"https:\/\/www.location-normandie.net\/it\/wp-json\/wp\/v2\/pages\/681","targetHints":{"allow":["GET"]}}],"collection":[{"href":"https:\/\/www.location-normandie.net\/it\/wp-json\/wp\/v2\/pages"}],"about":[{"href":"https:\/\/www.location-normandie.net\/it\/wp-json\/wp\/v2\/types\/page"}],"author":[{"embeddable":true,"href":"https:\/\/www.location-normandie.net\/it\/wp-json\/wp\/v2\/users\/1"}],"replies":[{"embeddable":true,"href":"https:\/\/www.location-normandie.net\/it\/wp-json\/wp\/v2\/comments?post=681"}],"version-history":[{"count":26,"href":"https:\/\/www.location-normandie.net\/it\/wp-json\/wp\/v2\/pages\/681\/revisions"}],"predecessor-version":[{"id":2154,"href":"https:\/\/www.location-normandie.net\/it\/wp-json\/wp\/v2\/pages\/681\/revisions\/2154"}],"wp:attachment":[{"href":"https:\/\/www.location-normandie.net\/it\/wp-json\/wp\/v2\/media?parent=681"}],"curies":[{"name":"wp","href":"https:\/\/api.w.org\/{rel}","templated":true}]}}